{"id":121,"date":"2018-03-03T19:43:40","date_gmt":"2018-03-03T19:43:40","guid":{"rendered":"http:\/\/www.duchovnihudba.cz\/?page_id=121"},"modified":"2018-03-04T14:34:06","modified_gmt":"2018-03-04T14:34:06","slug":"projekty","status":"publish","type":"page","link":"https:\/\/www.duchovnihudba.cz\/index.php\/projekty\/","title":{"rendered":"Projekty"},"content":{"rendered":"<p><a href=\"https:\/\/www.duchovnihudba.cz\/index.php\/barokni-varhany-plzenske-dieceze\/\">Barokn\u00ed varhany plze\u0148sk\u00e9 diec\u00e9ze<\/a><\/p>\n<p>CD Hudba p\u0159i katedr\u00e1le sv. Bartolom\u011bje &#8211; p\u0159ipravujeme<\/p>\n<p>Noc kostel\u016f &#8211; p\u0159ipravujeme<\/p>\n<p>&nbsp;<\/p>\n","protected":false},"excerpt":{"rendered":"<p>Barokn\u00ed varhany plze\u0148sk\u00e9 diec\u00e9ze CD Hudba p\u0159i katedr\u00e1le sv. Bartolom\u011bje &#8211; p\u0159ipravujeme Noc kostel\u016f &#8211; p\u0159ipravujeme &nbsp;<\/p>\n","protected":false},"author":1,"featured_media":0,"parent":0,"menu_order":0,"comment_status":"closed","ping_status":"closed","template":"","meta":{"footnotes":""},"class_list":["post-121","page","type-page","status-publish","hentry"],"_links":{"self":[{"href":"https:\/\/www.duchovnihudba.cz\/index.php\/wp-json\/wp\/v2\/pages\/121","targetHints":{"allow":["GET"]}}],"collection":[{"href":"https:\/\/www.duchovnihudba.cz\/index.php\/wp-json\/wp\/v2\/pages"}],"about":[{"href":"https:\/\/www.duchovnihudba.cz\/index.php\/wp-json\/wp\/v2\/types\/page"}],"author":[{"embeddable":true,"href":"https:\/\/www.duchovnihudba.cz\/index.php\/wp-json\/wp\/v2\/users\/1"}],"replies":[{"embeddable":true,"href":"https:\/\/www.duchovnihudba.cz\/index.php\/wp-json\/wp\/v2\/comments?post=121"}],"version-history":[{"count":4,"href":"https:\/\/www.duchovnihudba.cz\/index.php\/wp-json\/wp\/v2\/pages\/121\/revisions"}],"predecessor-version":[{"id":170,"href":"https:\/\/www.duchovnihudba.cz\/index.php\/wp-json\/wp\/v2\/pages\/121\/revisions\/170"}],"wp:attachment":[{"href":"https:\/\/www.duchovnihudba.cz\/index.php\/wp-json\/wp\/v2\/media?parent=121"}],"curies":[{"name":"wp","href":"https:\/\/api.w.org\/{rel}","templated":true}]}}