{"id":168,"date":"2018-03-04T14:33:40","date_gmt":"2018-03-04T14:33:40","guid":{"rendered":"http:\/\/www.duchovnihudba.cz\/?page_id=168"},"modified":"2018-03-04T16:46:11","modified_gmt":"2018-03-04T16:46:11","slug":"barokni-varhany-plzenske-dieceze","status":"publish","type":"page","link":"https:\/\/www.duchovnihudba.cz\/index.php\/barokni-varhany-plzenske-dieceze\/","title":{"rendered":"Barokn\u00ed varhany plze\u0148sk\u00e9 diec\u00e9ze"},"content":{"rendered":"<p>Tento projekt m\u00e1 za \u00fakol zmapovat cca. 30 vz\u00e1cn\u00fdch barokn\u00edch n\u00e1stroj\u016f na \u00fazem\u00ed plze\u0148sk\u00e9 diec\u00e9ze. Budou vybr\u00e1ny pouze n\u00e1stroje s p\u016fvodn\u00ed dispozic\u00ed a z\u00e1rove\u0148 v hrateln\u00e9m stavu. V\u00fdzkum bude zahrnovat stru\u010dn\u00e9 informace o historii n\u00e1stroje, varhan\u00e1\u0159i, lad\u011bn\u00ed, dispozici, prob\u011bhl\u00fdch rekonstrukc\u00edch a sou\u010dasn\u00e9m stavu. D\u00e1le bude po\u0159\u00edzena ve\u0161ker\u00e1 fotodokumentace (prospekt, hrac\u00ed st\u016fl, konstruk\u010dn\u00ed detaily&#8230;) a zvukov\u00fd z\u00e1znam jednotliv\u00fdch rejst\u0159\u00edk\u016f a jejich kombinac\u00ed. Jako hudebn\u00ed materi\u00e1l bude vyu\u017eita sb\u00edrka Ariadne Musica od J. C. F.<br \/>\nFischera, obsahuj\u00edc\u00ed 45 kr\u00e1tk\u00fdch preludi\u00ed a fug, kter\u00e1 byla roku 1702 v\u011bnov\u00e1n\u00e1 opatovi kl\u00e1\u0161tera v Tepl\u00e9, co\u017e pro \u00fa\u010dely v\u00fdzkumu odpov\u00edd\u00e1 jak p\u0159\u00edslu\u0161n\u00e9 provenienci (plze\u0148sk\u00e1 diec\u00e9ze), tak \u010dasov\u00e9mu obdob\u00ed (konec 17. stol. a\u017e 1. pol. 18. stol.). C\u00edlem zvukov\u00fdch nahr\u00e1vek bude srovn\u00e1n\u00ed jednotliv\u00fdch rejst\u0159\u00edk\u016f \u010di jejich kombinac\u00ed na jednodn\u00e9m hudebn\u00edm materi\u00e1lu na r\u016fzn\u00fdch n\u00e1stroj\u00edch vznikl\u00fdch p\u0159ibli\u017en\u011b ve stejn\u00e9 dob\u011b a provenienci, to v\u0161e p\u0159i interpretaci jednoho varhan\u00edka. Z\u00e1rove\u0148 t\u00edm vznikne jedine\u010dn\u00e1 konzervace zvuku t\u011bchto n\u00e1stroj\u016f v kr\u00e1tk\u00e9m \u010dasov\u00e9m obdob\u00ed. Resum\u00e9 t\u011bchto \u00fadaj\u016f bude shrnuto ve form\u011b dvou v\u00fdstup\u016f &#8211; kni\u017en\u00ed publikace a webov\u00fdch str\u00e1nek. Kni\u017en\u00ed publikace nab\u00eddne p\u0159ehled n\u00e1stroj\u016f s jednotliv\u00fdmi \u00fadaji a fotodokumentac\u00ed (viz naho\u0159e) a<br \/>\np\u0159ilo\u017een\u00e9 CD s jednotliv\u00fdmi n\u00e1hravkami. Webov\u00e9 str\u00e1nky budou obsahovat toto\u017en\u00e9 informace s mo\u017enost\u00ed p\u0159ehr\u00e1n\u00ed zvukov\u00fdch stop. P\u0159edb\u011b\u017enou za\u0161titu nad projektem p\u0159isl\u00edbili: organolog plze\u0148sk\u00e9 diec\u00e9ze Mgr. Jitka Chaloupkov\u00e1, biskup plze\u0148sk\u00fd Mons. Tom\u00e1\u0161 Holub a regenschori katedr\u00e1ly sv. Bartolom\u011bje MgA. Martin Moudr\u00fd, kter\u00fd bude na projektu t\u00e9\u017e spolupracovat.<\/p>\n<p>Z\u00e1sadn\u00edm p\u0159inosem tohoto projektu je zmapov\u00e1n\u00ed varhan v plze\u0148sk\u00e9 diec\u00e9zi, kter\u00e9 na rozd\u00edl od jin\u00fdch diec\u00e9z\u00ed \u010di kraj\u016f je\u0161t\u011b nebylo nikdy provedeno. Varhany t\u00e9to provenience maj\u00ed svou \u00fazemn\u00ed bl\u00edzkost\u00ed k N\u011bmecku v\u00fdjime\u010dn\u00fd charakter jak po str\u00e1nce dispozi\u010dn\u00ed tak zvukov\u00e9. Bohu\u017eel na tato fakta z d\u016fvodu chyb\u011bj\u00edc\u00ed<br \/>\ndokumentace nem\u016f\u017ee b\u00fdt upozorn\u011bna odborn\u00e1 \u010di \u0161irok\u00e1 ve\u0159ejnost. Velk\u00fdm p\u0159\u00ednosem by tato pr\u00e1ce m\u011bla b\u00fdt pro koncertn\u00ed um\u011blce, kter\u00fdm poskytne ve\u0161ker\u00e9 aktu\u00e1ln\u00ed informace o dan\u00e9m n\u00e1stroji, a samoz\u0159ejm\u011b i pro plze\u0148skou diec\u00e9zi, pod jejich\u017e spr\u00e1vu tyto n\u00e1stroje spadaj\u00ed. Unik\u00e1tn\u00ed informace poskytnou i zvukov\u00e9 nahr\u00e1vky, kter\u00e9 nejen \u017ee zprost\u0159edkuj\u00ed poslucha\u010di mo\u017enost poslechu origin\u00e1ln\u00edch n\u00e1stroj\u016f z 18. stol., ale i mo\u017enost srovn\u00e1n\u00ed stejn\u00fdch rejst\u0159\u00edk\u016f \u010di kombinac\u00ed rejst\u0159\u00edk\u016f u varhan stejn\u00e9ho varhan\u00e1\u0159e, \u010di varhan\u00e1\u0159\u016f odli\u0161n\u00fdch.<\/p>\n<p>Autor &#8211; BcA. Marie Pochopov\u00e1<\/p>\n","protected":false},"excerpt":{"rendered":"<p>Tento projekt m\u00e1 za \u00fakol zmapovat cca. 30 vz\u00e1cn\u00fdch barokn\u00edch n\u00e1stroj\u016f na \u00fazem\u00ed plze\u0148sk\u00e9 diec\u00e9ze. Budou vybr\u00e1ny pouze n\u00e1stroje s p\u016fvodn\u00ed dispozic\u00ed a z\u00e1rove\u0148 v hrateln\u00e9m stavu. V\u00fdzkum bude zahrnovat stru\u010dn\u00e9 informace o historii n\u00e1stroje, varhan\u00e1\u0159i, lad\u011bn\u00ed, dispozici, prob\u011bhl\u00fdch rekonstrukc\u00edch a sou\u010dasn\u00e9m stavu. D\u00e1le bude po\u0159\u00edzena ve\u0161ker\u00e1 fotodokumentace (prospekt, hrac\u00ed st\u016fl, konstruk\u010dn\u00ed detaily&#8230;) a zvukov\u00fd &hellip; <\/p>\n<p class=\"link-more\"><a href=\"https:\/\/www.duchovnihudba.cz\/index.php\/barokni-varhany-plzenske-dieceze\/\" class=\"more-link\">Pokra\u010dovat ve \u010dten\u00ed<span class=\"screen-reader-text\"> &#8222;Barokn\u00ed varhany plze\u0148sk\u00e9 diec\u00e9ze&#8220;<\/span><\/a><\/p>\n","protected":false},"author":1,"featured_media":0,"parent":0,"menu_order":0,"comment_status":"closed","ping_status":"closed","template":"","meta":{"footnotes":""},"class_list":["post-168","page","type-page","status-publish","hentry"],"_links":{"self":[{"href":"https:\/\/www.duchovnihudba.cz\/index.php\/wp-json\/wp\/v2\/pages\/168","targetHints":{"allow":["GET"]}}],"collection":[{"href":"https:\/\/www.duchovnihudba.cz\/index.php\/wp-json\/wp\/v2\/pages"}],"about":[{"href":"https:\/\/www.duchovnihudba.cz\/index.php\/wp-json\/wp\/v2\/types\/page"}],"author":[{"embeddable":true,"href":"https:\/\/www.duchovnihudba.cz\/index.php\/wp-json\/wp\/v2\/users\/1"}],"replies":[{"embeddable":true,"href":"https:\/\/www.duchovnihudba.cz\/index.php\/wp-json\/wp\/v2\/comments?post=168"}],"version-history":[{"count":2,"href":"https:\/\/www.duchovnihudba.cz\/index.php\/wp-json\/wp\/v2\/pages\/168\/revisions"}],"predecessor-version":[{"id":188,"href":"https:\/\/www.duchovnihudba.cz\/index.php\/wp-json\/wp\/v2\/pages\/168\/revisions\/188"}],"wp:attachment":[{"href":"https:\/\/www.duchovnihudba.cz\/index.php\/wp-json\/wp\/v2\/media?parent=168"}],"curies":[{"name":"wp","href":"https:\/\/api.w.org\/{rel}","templated":true}]}}