{"id":462,"date":"2022-10-03T10:38:13","date_gmt":"2022-10-03T10:38:13","guid":{"rendered":"https:\/\/www.duchovnihudba.cz\/?page_id=462"},"modified":"2022-10-03T10:38:13","modified_gmt":"2022-10-03T10:38:13","slug":"2018-koncerty","status":"publish","type":"page","link":"https:\/\/www.duchovnihudba.cz\/index.php\/2018-koncerty\/","title":{"rendered":"2018 &#8211; koncerty"},"content":{"rendered":"\n<p><strong><a href=\"https:\/\/nockostelu.cz\/kostel\/44\/\">Noc kostel\u016f \u2013 25. 5. 2018<\/a><\/strong><\/p>\n\n\n\n<p><strong>Plze\u0148sk\u00fd varhann\u00ed festival 2018 <a href=\"http:\/\/plzenskyvarhannifestival.cz\">(odkaz zde)<\/a><\/strong><br><strong>30. 4.<\/strong> Bal\u00e1zs Szabo<br><strong>14. 5.<\/strong> Martin Moudr\u00fd<br><strong>28. 5.<\/strong> Marie Pochopov\u00e1<br><strong>11. 6. <\/strong>Michal Novenko<\/p>\n","protected":false},"excerpt":{"rendered":"<p>Noc kostel\u016f \u2013 25. 5. 2018 Plze\u0148sk\u00fd varhann\u00ed festival 2018 (odkaz zde)30. 4. Bal\u00e1zs Szabo14. 5. Martin Moudr\u00fd28. 5. Marie Pochopov\u00e111. 6. Michal Novenko<\/p>\n","protected":false},"author":1,"featured_media":0,"parent":0,"menu_order":0,"comment_status":"closed","ping_status":"closed","template":"","meta":{"footnotes":""},"class_list":["post-462","page","type-page","status-publish","hentry"],"_links":{"self":[{"href":"https:\/\/www.duchovnihudba.cz\/index.php\/wp-json\/wp\/v2\/pages\/462","targetHints":{"allow":["GET"]}}],"collection":[{"href":"https:\/\/www.duchovnihudba.cz\/index.php\/wp-json\/wp\/v2\/pages"}],"about":[{"href":"https:\/\/www.duchovnihudba.cz\/index.php\/wp-json\/wp\/v2\/types\/page"}],"author":[{"embeddable":true,"href":"https:\/\/www.duchovnihudba.cz\/index.php\/wp-json\/wp\/v2\/users\/1"}],"replies":[{"embeddable":true,"href":"https:\/\/www.duchovnihudba.cz\/index.php\/wp-json\/wp\/v2\/comments?post=462"}],"version-history":[{"count":1,"href":"https:\/\/www.duchovnihudba.cz\/index.php\/wp-json\/wp\/v2\/pages\/462\/revisions"}],"predecessor-version":[{"id":463,"href":"https:\/\/www.duchovnihudba.cz\/index.php\/wp-json\/wp\/v2\/pages\/462\/revisions\/463"}],"wp:attachment":[{"href":"https:\/\/www.duchovnihudba.cz\/index.php\/wp-json\/wp\/v2\/media?parent=462"}],"curies":[{"name":"wp","href":"https:\/\/api.w.org\/{rel}","templated":true}]}}