{"id":828,"date":"2023-07-06T11:29:55","date_gmt":"2023-07-06T11:29:55","guid":{"rendered":"https:\/\/www.duchovnihudba.cz\/?page_id=828"},"modified":"2024-01-10T11:10:06","modified_gmt":"2024-01-10T11:10:06","slug":"terminy-varhannich-kurzu-2023-2025","status":"publish","type":"page","link":"https:\/\/www.duchovnihudba.cz\/index.php\/terminy-varhannich-kurzu-2023-2025\/","title":{"rendered":"Term\u00edny varhann\u00edch kurz\u016f 2023 &#8211; 2025"},"content":{"rendered":"\n<p><\/p>\n\n\n\n<p><strong>\u0158\u00edjen <\/strong><\/p>\n\n\n\n<p>&#8211; 7.   AN  <br>&#8211; 21. ME<\/p>\n\n\n\n<p><strong>Listopad<\/strong><\/p>\n\n\n\n<p>&#8211; 11.  ME<br>&#8211;  25. AN<\/p>\n\n\n\n<p><strong>Prosinec<\/strong><\/p>\n\n\n\n<p>&#8211; 9. ME<br>&#8211; 16. AN<\/p>\n\n\n\n<p><strong>Leden<\/strong><\/p>\n\n\n\n<p>&#8211;  13.  ME<br>&#8211;  27.  AN<br><\/p>\n\n\n\n<p><strong>\u00danor<\/strong><\/p>\n\n\n\n<ul class=\"wp-block-list\">\n<li> 10.   ME<\/li>\n\n\n\n<li>24    AN<\/li>\n<\/ul>\n\n\n\n<p><strong>B\u0159ezen<\/strong><\/p>\n\n\n\n<ul class=\"wp-block-list\">\n<li>2.    ME<\/li>\n\n\n\n<li>23.  AN<\/li>\n<\/ul>\n\n\n\n<p><strong>Duben<\/strong><\/p>\n\n\n\n<ul class=\"wp-block-list\">\n<li>6.    ME<\/li>\n\n\n\n<li>20.  AN<\/li>\n<\/ul>\n\n\n\n<p><strong>Kv\u011bten<\/strong><\/p>\n\n\n\n<ul class=\"wp-block-list\">\n<li>4.    ME<\/li>\n\n\n\n<li>25.  AN<\/li>\n<\/ul>\n\n\n\n<p><strong>\u010cerven<\/strong><\/p>\n\n\n\n<ul class=\"wp-block-list\">\n<li>1.    ME<\/li>\n\n\n\n<li>15.  AN<\/li>\n<\/ul>\n\n\n\n<p><strong>Lekto\u0159i:<\/strong><\/p>\n\n\n\n<p>Varhann\u00ed hra &#8211; M.Mu. Ale\u0161 Nosek<\/p>\n\n\n\n<p>Varhann\u00ed improvizace &#8211; MgA. Marie Esslov\u00e1<\/p>\n\n\n\n<p>Sbormistrovstv\u00ed, veden\u00ed sboru &#8211;  Mgr. Anast\u00e1zie \u0160olcov\u00e1<\/p>\n","protected":false},"excerpt":{"rendered":"<p>\u0158\u00edjen &#8211; 7. AN &#8211; 21. ME Listopad &#8211; 11. ME&#8211; 25. AN Prosinec &#8211; 9. ME&#8211; 16. AN Leden &#8211; 13. ME&#8211; 27. AN \u00danor B\u0159ezen Duben Kv\u011bten \u010cerven Lekto\u0159i: Varhann\u00ed hra &#8211; M.Mu. Ale\u0161 Nosek Varhann\u00ed improvizace &#8211; MgA. Marie Esslov\u00e1 Sbormistrovstv\u00ed, veden\u00ed sboru &#8211; Mgr. Anast\u00e1zie \u0160olcov\u00e1<\/p>\n","protected":false},"author":1,"featured_media":0,"parent":0,"menu_order":0,"comment_status":"closed","ping_status":"closed","template":"","meta":{"footnotes":""},"class_list":["post-828","page","type-page","status-publish","hentry"],"_links":{"self":[{"href":"https:\/\/www.duchovnihudba.cz\/index.php\/wp-json\/wp\/v2\/pages\/828","targetHints":{"allow":["GET"]}}],"collection":[{"href":"https:\/\/www.duchovnihudba.cz\/index.php\/wp-json\/wp\/v2\/pages"}],"about":[{"href":"https:\/\/www.duchovnihudba.cz\/index.php\/wp-json\/wp\/v2\/types\/page"}],"author":[{"embeddable":true,"href":"https:\/\/www.duchovnihudba.cz\/index.php\/wp-json\/wp\/v2\/users\/1"}],"replies":[{"embeddable":true,"href":"https:\/\/www.duchovnihudba.cz\/index.php\/wp-json\/wp\/v2\/comments?post=828"}],"version-history":[{"count":5,"href":"https:\/\/www.duchovnihudba.cz\/index.php\/wp-json\/wp\/v2\/pages\/828\/revisions"}],"predecessor-version":[{"id":879,"href":"https:\/\/www.duchovnihudba.cz\/index.php\/wp-json\/wp\/v2\/pages\/828\/revisions\/879"}],"wp:attachment":[{"href":"https:\/\/www.duchovnihudba.cz\/index.php\/wp-json\/wp\/v2\/media?parent=828"}],"curies":[{"name":"wp","href":"https:\/\/api.w.org\/{rel}","templated":true}]}}