{"id":913,"date":"2024-05-02T05:11:39","date_gmt":"2024-05-02T05:11:39","guid":{"rendered":"https:\/\/www.duchovnihudba.cz\/?page_id=913"},"modified":"2024-05-02T05:11:39","modified_gmt":"2024-05-02T05:11:39","slug":"leden","status":"publish","type":"page","link":"https:\/\/www.duchovnihudba.cz\/index.php\/leden\/","title":{"rendered":"Leden"},"content":{"rendered":"\n<p><\/p>\n\n\n\n<div class=\"wp-block-group\"><div class=\"wp-block-group__inner-container is-layout-constrained wp-block-group-is-layout-constrained\">\n<p><strong>1.&nbsp;&nbsp;&nbsp;&nbsp;&nbsp;&nbsp;&nbsp;&nbsp;&nbsp;&nbsp; Okt\u00e1v Narozen\u00ed P\u00e1n\u011b, <\/strong>slavnost <strong>Matky Bo\u017e\u00ed, Panny Marie<\/strong><\/p>\n\n\n\n<p>             &#8211; p\u00edsn\u011b v\u00e1no\u010dn\u00ed <em>(viz Doba v\u00e1no\u010dn\u00ed, s. 19)<\/em><\/p>\n\n\n\n<p><strong>6.<\/strong>&nbsp;&nbsp;&nbsp;&nbsp;&nbsp;&nbsp;&nbsp;&nbsp;&nbsp;&nbsp; Slavnost <strong>Zjeven\u00ed P\u00e1n\u011b<\/strong><\/p>\n\n\n\n<p>             <strong>&#8211; 202 &#8211; <\/strong><em>(viz Doba v\u00e1no\u010dn\u00ed, s. 19)<\/em><\/p>\n\n\n\n<p>              Ned\u011ble po slavnosti Zjeven\u00ed P\u00e1n\u011b &#8211; <strong>K\u0159est P\u00e1n\u011b<\/strong><\/p>\n\n\n\n<p>           &#8211; p\u00edsn\u011b v\u00e1no\u010dn\u00ed <em>(viz Doba v\u00e1no\u010dn\u00ed s. 19)<\/em><\/p>\n\n\n\n<p><strong>18.<\/strong>\u00a0\u00a0\u00a0\u00a0\u00a0\u00a0\u00a0Pam\u00e1tka <strong>Panny Marie, Matky jednoty k\u0159es\u0165an\u016f<\/strong><\/p>\n\n\n\n<p>           &#8211; p\u00edse\u0148 z odd. <strong>801 <\/strong>ad., na z\u00e1v\u011br <strong>910<\/strong><\/p>\n\n\n\n<p>           V <strong>t\u00fddnu modliteb za jednotu k\u0159es\u0165an\u016f <\/strong>(18. &#8211; 25. ledna) pou\u017e\u00edv\u00e1me zvl\u00e1\u0161t\u011b p\u00edsn\u011b <strong>706,              911, (828), <\/strong>na z\u00e1v\u011br v\u017edy <strong>910<\/strong><\/p>\n\n\n\n<p><strong>25.<\/strong>&nbsp;&nbsp;&nbsp;&nbsp;&nbsp;&nbsp;&nbsp;&nbsp;&nbsp; Sv\u00e1tek <strong>Obr\u00e1cen\u00ed sv. Pavla, <\/strong>apo\u0161tola<\/p>\n\n\n\n<p><a><strong>-827<\/strong><\/a><\/p>\n\n\n\n<p><strong>28.<\/strong>&nbsp;&nbsp;&nbsp;&nbsp;&nbsp;&nbsp;&nbsp;&nbsp;&nbsp; Pam\u00e1tka <strong>sv. Tom\u00e1\u0161e Akvinsk\u00e9ho, <\/strong>kn\u011bze a u\u010ditele<\/p>\n\n\n\n<p><em>&#8211; p\u00edsn\u011b jejich\u017e text\u016f je autorem:<\/em><strong> 710, 717, (k <\/strong>p\u0159ij\u00edm\u00e1n\u00ed 712), po p\u0159ij\u00edm\u00e1n\u00ed (nebo na z\u00e1v\u011br) <strong>927<\/strong><\/p>\n<\/div><\/div>\n\n\n","protected":false},"excerpt":{"rendered":"<p>1.&nbsp;&nbsp;&nbsp;&nbsp;&nbsp;&nbsp;&nbsp;&nbsp;&nbsp;&nbsp; Okt\u00e1v Narozen\u00ed P\u00e1n\u011b, slavnost Matky Bo\u017e\u00ed, Panny Marie &#8211; p\u00edsn\u011b v\u00e1no\u010dn\u00ed (viz Doba v\u00e1no\u010dn\u00ed, s. 19) 6.&nbsp;&nbsp;&nbsp;&nbsp;&nbsp;&nbsp;&nbsp;&nbsp;&nbsp;&nbsp; Slavnost Zjeven\u00ed P\u00e1n\u011b &#8211; 202 &#8211; (viz Doba v\u00e1no\u010dn\u00ed, s. 19) Ned\u011ble po slavnosti Zjeven\u00ed P\u00e1n\u011b &#8211; K\u0159est P\u00e1n\u011b &#8211; p\u00edsn\u011b v\u00e1no\u010dn\u00ed (viz Doba v\u00e1no\u010dn\u00ed s. 19) 18.\u00a0\u00a0\u00a0\u00a0\u00a0\u00a0\u00a0Pam\u00e1tka Panny Marie, Matky jednoty k\u0159es\u0165an\u016f &#8211; p\u00edse\u0148 z odd. &hellip; <\/p>\n<p class=\"link-more\"><a href=\"https:\/\/www.duchovnihudba.cz\/index.php\/leden\/\" class=\"more-link\">Pokra\u010dovat ve \u010dten\u00ed<span class=\"screen-reader-text\"> &#8222;Leden&#8220;<\/span><\/a><\/p>\n","protected":false},"author":1,"featured_media":0,"parent":0,"menu_order":0,"comment_status":"closed","ping_status":"closed","template":"","meta":{"footnotes":""},"class_list":["post-913","page","type-page","status-publish","hentry"],"_links":{"self":[{"href":"https:\/\/www.duchovnihudba.cz\/index.php\/wp-json\/wp\/v2\/pages\/913","targetHints":{"allow":["GET"]}}],"collection":[{"href":"https:\/\/www.duchovnihudba.cz\/index.php\/wp-json\/wp\/v2\/pages"}],"about":[{"href":"https:\/\/www.duchovnihudba.cz\/index.php\/wp-json\/wp\/v2\/types\/page"}],"author":[{"embeddable":true,"href":"https:\/\/www.duchovnihudba.cz\/index.php\/wp-json\/wp\/v2\/users\/1"}],"replies":[{"embeddable":true,"href":"https:\/\/www.duchovnihudba.cz\/index.php\/wp-json\/wp\/v2\/comments?post=913"}],"version-history":[{"count":1,"href":"https:\/\/www.duchovnihudba.cz\/index.php\/wp-json\/wp\/v2\/pages\/913\/revisions"}],"predecessor-version":[{"id":914,"href":"https:\/\/www.duchovnihudba.cz\/index.php\/wp-json\/wp\/v2\/pages\/913\/revisions\/914"}],"wp:attachment":[{"href":"https:\/\/www.duchovnihudba.cz\/index.php\/wp-json\/wp\/v2\/media?parent=913"}],"curies":[{"name":"wp","href":"https:\/\/api.w.org\/{rel}","templated":true}]}}