{"id":936,"date":"2024-05-02T05:18:47","date_gmt":"2024-05-02T05:18:47","guid":{"rendered":"https:\/\/www.duchovnihudba.cz\/?page_id=936"},"modified":"2024-05-02T05:18:47","modified_gmt":"2024-05-02T05:18:47","slug":"prosinec","status":"publish","type":"page","link":"https:\/\/www.duchovnihudba.cz\/index.php\/prosinec\/","title":{"rendered":"Prosinec"},"content":{"rendered":"\n<p><em>Pozn\u00e1mka: V prosinci jsou V\u00e1noce -viz s. 19,<\/em><\/p>\n\n\n\n<p><strong>2.<\/strong><em>&nbsp;&nbsp;&nbsp;&nbsp;&nbsp;&nbsp;&nbsp;&nbsp;&nbsp;&nbsp; V plze\u0148sk\u00e9 diec\u00e9zi:<\/em> V\u00fdro\u010d\u00ed posv\u011bcen\u00ed katedr\u00e1ly <strong>-917,918<\/strong><\/p>\n\n\n\n<p><strong>8.<\/strong>&nbsp;&nbsp;&nbsp;&nbsp;&nbsp;&nbsp;&nbsp;&nbsp;&nbsp;&nbsp; Slavnost <strong>Panny Marie, po\u010dat\u00e9 bez poskvrny prvotn\u00edho h\u0159\u00edchu<\/strong><\/p>\n\n\n\n<p><strong>&#8211; 130 (111,112,124) <\/strong>nebo p\u00edsn\u011b z odd. <strong>801 <\/strong>ad.<\/p>\n\n\n\n<p>(zvi. 801), k p\u0159ij\u00edm\u00e1n\u00ed vhodnou adventn\u00ed p\u00edse\u0148<\/p>\n\n\n\n<p>(nap\u0159. <strong>106 &#8211; 108,114 &#8211; 116,127), <\/strong>z\u00e1v\u011br <strong>117 *<\/strong><\/p>\n\n\n\n<p><strong>22.<\/strong><em>&nbsp;&nbsp;&nbsp;&nbsp;&nbsp;&nbsp;&nbsp;&nbsp;&nbsp; V \u010deskobud\u011bjovick\u00e9 diec\u00e9zi:<\/em> V\u00fdro\u010d\u00ed posv\u011bcen\u00ed katedr\u00e1ly<\/p>\n\n\n\n<p><strong>-917, 918<\/strong><\/p>\n\n\n\n<p>* OL t\u00e9\u017e 185, 186<\/p>\n","protected":false},"excerpt":{"rendered":"<p>Pozn\u00e1mka: V prosinci jsou V\u00e1noce -viz s. 19, 2.&nbsp;&nbsp;&nbsp;&nbsp;&nbsp;&nbsp;&nbsp;&nbsp;&nbsp;&nbsp; V plze\u0148sk\u00e9 diec\u00e9zi: V\u00fdro\u010d\u00ed posv\u011bcen\u00ed katedr\u00e1ly -917,918 8.&nbsp;&nbsp;&nbsp;&nbsp;&nbsp;&nbsp;&nbsp;&nbsp;&nbsp;&nbsp; Slavnost Panny Marie, po\u010dat\u00e9 bez poskvrny prvotn\u00edho h\u0159\u00edchu &#8211; 130 (111,112,124) nebo p\u00edsn\u011b z odd. 801 ad. (zvi. 801), k p\u0159ij\u00edm\u00e1n\u00ed vhodnou adventn\u00ed p\u00edse\u0148 (nap\u0159. 106 &#8211; 108,114 &#8211; 116,127), z\u00e1v\u011br 117 * 22.&nbsp;&nbsp;&nbsp;&nbsp;&nbsp;&nbsp;&nbsp;&nbsp;&nbsp; V \u010deskobud\u011bjovick\u00e9 diec\u00e9zi: V\u00fdro\u010d\u00ed &hellip; <\/p>\n<p class=\"link-more\"><a href=\"https:\/\/www.duchovnihudba.cz\/index.php\/prosinec\/\" class=\"more-link\">Pokra\u010dovat ve \u010dten\u00ed<span class=\"screen-reader-text\"> &#8222;Prosinec&#8220;<\/span><\/a><\/p>\n","protected":false},"author":1,"featured_media":0,"parent":0,"menu_order":0,"comment_status":"closed","ping_status":"closed","template":"","meta":{"footnotes":""},"class_list":["post-936","page","type-page","status-publish","hentry"],"_links":{"self":[{"href":"https:\/\/www.duchovnihudba.cz\/index.php\/wp-json\/wp\/v2\/pages\/936","targetHints":{"allow":["GET"]}}],"collection":[{"href":"https:\/\/www.duchovnihudba.cz\/index.php\/wp-json\/wp\/v2\/pages"}],"about":[{"href":"https:\/\/www.duchovnihudba.cz\/index.php\/wp-json\/wp\/v2\/types\/page"}],"author":[{"embeddable":true,"href":"https:\/\/www.duchovnihudba.cz\/index.php\/wp-json\/wp\/v2\/users\/1"}],"replies":[{"embeddable":true,"href":"https:\/\/www.duchovnihudba.cz\/index.php\/wp-json\/wp\/v2\/comments?post=936"}],"version-history":[{"count":1,"href":"https:\/\/www.duchovnihudba.cz\/index.php\/wp-json\/wp\/v2\/pages\/936\/revisions"}],"predecessor-version":[{"id":937,"href":"https:\/\/www.duchovnihudba.cz\/index.php\/wp-json\/wp\/v2\/pages\/936\/revisions\/937"}],"wp:attachment":[{"href":"https:\/\/www.duchovnihudba.cz\/index.php\/wp-json\/wp\/v2\/media?parent=936"}],"curies":[{"name":"wp","href":"https:\/\/api.w.org\/{rel}","templated":true}]}}